{"id":56,"date":"2022-03-10T10:34:32","date_gmt":"2022-03-10T09:34:32","guid":{"rendered":"https:\/\/cafe-23.de\/?page_id=56"},"modified":"2022-03-11T20:45:52","modified_gmt":"2022-03-11T19:45:52","slug":"informationen-2","status":"publish","type":"page","link":"https:\/\/cafe-23.de\/?page_id=56","title":{"rendered":"Ausstattung"},"content":{"rendered":"\n<p>Unsere gem\u00fctliche Ferienwohnung bietet Platz f\u00fcr 2 Personen.<\/p>\n\n\n\n<p>Gr\u00f6\u00dfe: 38qm<\/p>\n\n\n\n<p>Wohnbereich mit Minik\u00fcche <\/p>\n\n\n\n<p>Schlafzimmer mit Doppelbett und Kleiderschrank<\/p>\n\n\n\n<p>Bad mit WC, Dusche, Waschbecken, F\u00f6n<\/p>\n\n\n\n<p>WLAN, Parkplatz vor dem Haus<\/p>\n","protected":false},"excerpt":{"rendered":"<p>Unsere gem\u00fctliche Ferienwohnung bietet Platz f\u00fcr 2 Personen. Gr\u00f6\u00dfe: 38qm Wohnbereich mit Minik\u00fcche Schlafzimmer mit Doppelbett und Kleiderschrank Bad mit WC, Dusche, Waschbecken, F\u00f6n WLAN,&#8230;<\/p>\n","protected":false},"author":1,"featured_media":0,"parent":0,"menu_order":0,"comment_status":"closed","ping_status":"closed","template":"","meta":{"footnotes":""},"class_list":["post-56","page","type-page","status-publish","hentry"],"yoast_head":"<!-- This site is optimized with the Yoast SEO plugin v18.3 - https:\/\/yoast.com\/wordpress\/plugins\/seo\/ -->\n<title>Ausstattung - No. 23 Ilmenau<\/title>\n<meta name=\"robots\" content=\"index, follow, max-snippet:-1, max-image-preview:large, max-video-preview:-1\" \/>\n<link rel=\"canonical\" href=\"https:\/\/cafe-23.de\/?page_id=56\" \/>\n<meta property=\"og:locale\" content=\"de_DE\" \/>\n<meta property=\"og:type\" content=\"article\" \/>\n<meta property=\"og:title\" content=\"Ausstattung - No. 23 Ilmenau\" \/>\n<meta property=\"og:description\" content=\"Unsere gem\u00fctliche Ferienwohnung bietet Platz f\u00fcr 2 Personen. Gr\u00f6\u00dfe: 38qm Wohnbereich mit Minik\u00fcche Schlafzimmer mit Doppelbett und Kleiderschrank Bad mit WC, Dusche, Waschbecken, F\u00f6n WLAN,...\" \/>\n<meta property=\"og:url\" content=\"https:\/\/cafe-23.de\/?page_id=56\" \/>\n<meta property=\"og:site_name\" content=\"No. 23 Ilmenau\" \/>\n<meta property=\"article:modified_time\" content=\"2022-03-11T19:45:52+00:00\" \/>\n<meta name=\"twitter:card\" content=\"summary_large_image\" \/>\n<script type=\"application\/ld+json\" class=\"yoast-schema-graph\">{\"@context\":\"https:\/\/schema.org\",\"@graph\":[{\"@type\":\"WebSite\",\"@id\":\"https:\/\/cafe-23.de\/#website\",\"url\":\"https:\/\/cafe-23.de\/\",\"name\":\"No. 23 Ilmenau\",\"description\":\"\",\"potentialAction\":[{\"@type\":\"SearchAction\",\"target\":{\"@type\":\"EntryPoint\",\"urlTemplate\":\"https:\/\/cafe-23.de\/?s={search_term_string}\"},\"query-input\":\"required name=search_term_string\"}],\"inLanguage\":\"de\"},{\"@type\":\"WebPage\",\"@id\":\"https:\/\/cafe-23.de\/?page_id=56#webpage\",\"url\":\"https:\/\/cafe-23.de\/?page_id=56\",\"name\":\"Ausstattung - No. 23 Ilmenau\",\"isPartOf\":{\"@id\":\"https:\/\/cafe-23.de\/#website\"},\"datePublished\":\"2022-03-10T09:34:32+00:00\",\"dateModified\":\"2022-03-11T19:45:52+00:00\",\"breadcrumb\":{\"@id\":\"https:\/\/cafe-23.de\/?page_id=56#breadcrumb\"},\"inLanguage\":\"de\",\"potentialAction\":[{\"@type\":\"ReadAction\",\"target\":[\"https:\/\/cafe-23.de\/?page_id=56\"]}]},{\"@type\":\"BreadcrumbList\",\"@id\":\"https:\/\/cafe-23.de\/?page_id=56#breadcrumb\",\"itemListElement\":[{\"@type\":\"ListItem\",\"position\":1,\"name\":\"Startseite\",\"item\":\"https:\/\/cafe-23.de\/\"},{\"@type\":\"ListItem\",\"position\":2,\"name\":\"Ausstattung\"}]}]}<\/script>\n<!-- \/ Yoast SEO plugin. -->","yoast_head_json":{"title":"Ausstattung - No. 23 Ilmenau","robots":{"index":"index","follow":"follow","max-snippet":"max-snippet:-1","max-image-preview":"max-image-preview:large","max-video-preview":"max-video-preview:-1"},"canonical":"https:\/\/cafe-23.de\/?page_id=56","og_locale":"de_DE","og_type":"article","og_title":"Ausstattung - No. 23 Ilmenau","og_description":"Unsere gem\u00fctliche Ferienwohnung bietet Platz f\u00fcr 2 Personen. Gr\u00f6\u00dfe: 38qm Wohnbereich mit Minik\u00fcche Schlafzimmer mit Doppelbett und Kleiderschrank Bad mit WC, Dusche, Waschbecken, F\u00f6n WLAN,...","og_url":"https:\/\/cafe-23.de\/?page_id=56","og_site_name":"No. 23 Ilmenau","article_modified_time":"2022-03-11T19:45:52+00:00","twitter_card":"summary_large_image","schema":{"@context":"https:\/\/schema.org","@graph":[{"@type":"WebSite","@id":"https:\/\/cafe-23.de\/#website","url":"https:\/\/cafe-23.de\/","name":"No. 23 Ilmenau","description":"","potentialAction":[{"@type":"SearchAction","target":{"@type":"EntryPoint","urlTemplate":"https:\/\/cafe-23.de\/?s={search_term_string}"},"query-input":"required name=search_term_string"}],"inLanguage":"de"},{"@type":"WebPage","@id":"https:\/\/cafe-23.de\/?page_id=56#webpage","url":"https:\/\/cafe-23.de\/?page_id=56","name":"Ausstattung - No. 23 Ilmenau","isPartOf":{"@id":"https:\/\/cafe-23.de\/#website"},"datePublished":"2022-03-10T09:34:32+00:00","dateModified":"2022-03-11T19:45:52+00:00","breadcrumb":{"@id":"https:\/\/cafe-23.de\/?page_id=56#breadcrumb"},"inLanguage":"de","potentialAction":[{"@type":"ReadAction","target":["https:\/\/cafe-23.de\/?page_id=56"]}]},{"@type":"BreadcrumbList","@id":"https:\/\/cafe-23.de\/?page_id=56#breadcrumb","itemListElement":[{"@type":"ListItem","position":1,"name":"Startseite","item":"https:\/\/cafe-23.de\/"},{"@type":"ListItem","position":2,"name":"Ausstattung"}]}]}},"_links":{"self":[{"href":"https:\/\/cafe-23.de\/index.php?rest_route=\/wp\/v2\/pages\/56","targetHints":{"allow":["GET"]}}],"collection":[{"href":"https:\/\/cafe-23.de\/index.php?rest_route=\/wp\/v2\/pages"}],"about":[{"href":"https:\/\/cafe-23.de\/index.php?rest_route=\/wp\/v2\/types\/page"}],"author":[{"embeddable":true,"href":"https:\/\/cafe-23.de\/index.php?rest_route=\/wp\/v2\/users\/1"}],"replies":[{"embeddable":true,"href":"https:\/\/cafe-23.de\/index.php?rest_route=%2Fwp%2Fv2%2Fcomments&post=56"}],"version-history":[{"count":5,"href":"https:\/\/cafe-23.de\/index.php?rest_route=\/wp\/v2\/pages\/56\/revisions"}],"predecessor-version":[{"id":148,"href":"https:\/\/cafe-23.de\/index.php?rest_route=\/wp\/v2\/pages\/56\/revisions\/148"}],"wp:attachment":[{"href":"https:\/\/cafe-23.de\/index.php?rest_route=%2Fwp%2Fv2%2Fmedia&parent=56"}],"curies":[{"name":"wp","href":"https:\/\/api.w.org\/{rel}","templated":true}]}}